{"id":12845,"date":"2023-11-10T22:24:53","date_gmt":"2023-11-10T21:24:53","guid":{"rendered":"https:\/\/knology.pro\/?page_id=12845"},"modified":"2023-11-11T23:19:29","modified_gmt":"2023-11-12T04:19:29","slug":"contacto","status":"publish","type":"page","link":"https:\/\/knology.pro\/index.php\/contacto\/","title":{"rendered":"CONTACTO"},"content":{"rendered":"\t\t<div data-elementor-type=\"wp-page\" data-elementor-id=\"12845\" class=\"elementor elementor-12845\">\n\t\t\t\t\t\t\t<div class=\"elementor-element elementor-element-e390e79 e-flex e-con-boxed e-con e-parent\" data-id=\"e390e79\" data-element_type=\"container\" data-settings=\"{&quot;content_width&quot;:&quot;boxed&quot;}\" data-core-v316-plus=\"true\">\n\t\t\t\t\t<div class=\"e-con-inner\">\n\t\t\t\t<div class=\"elementor-element elementor-element-4ba1b76 elementor-widget elementor-widget-text-editor\" data-id=\"4ba1b76\" data-element_type=\"widget\" data-widget_type=\"text-editor.default\">\n\t\t\t\t<div class=\"elementor-widget-container\">\n\t\t\t<style>\/*! elementor - v3.17.0 - 08-11-2023 *\/\n.elementor-widget-text-editor.elementor-drop-cap-view-stacked .elementor-drop-cap{background-color:#69727d;color:#fff}.elementor-widget-text-editor.elementor-drop-cap-view-framed .elementor-drop-cap{color:#69727d;border:3px solid;background-color:transparent}.elementor-widget-text-editor:not(.elementor-drop-cap-view-default) .elementor-drop-cap{margin-top:8px}.elementor-widget-text-editor:not(.elementor-drop-cap-view-default) .elementor-drop-cap-letter{width:1em;height:1em}.elementor-widget-text-editor .elementor-drop-cap{float:left;text-align:center;line-height:1;font-size:50px}.elementor-widget-text-editor .elementor-drop-cap-letter{display:inline-block}<\/style>\t\t\t\t<p>Estamos encantados de que consideres unirte a nuestra comunidad.<\/p>\n<p>Por favor, completa los siguientes campos con la informaci\u00f3n solicitada para que podamos procesar tu inscripci\u00f3n de manera eficiente.<\/p>\n<p>\u00a1Gracias\u00a0por\u00a0elegirnos!<\/p>\n\t\t\t\t\t\t<\/div>\n\t\t\t\t<\/div>\n\t\t\t\t\t<\/div>\n\t\t\t\t<\/div>\n\t\t<div class=\"elementor-element elementor-element-e27b807 e-flex e-con-boxed e-con e-parent\" data-id=\"e27b807\" data-element_type=\"container\" data-settings=\"{&quot;content_width&quot;:&quot;boxed&quot;}\" data-core-v316-plus=\"true\">\n\t\t\t\t\t<div class=\"e-con-inner\">\n\t\t\t\t<div class=\"elementor-element elementor-element-85ada77 elementor-widget__width-initial elementor-widget elementor-widget-text-editor\" data-id=\"85ada77\" data-element_type=\"widget\" data-widget_type=\"text-editor.default\">\n\t\t\t\t<div class=\"elementor-widget-container\">\n\t\t\t\t\t\t\t\n<div class=\"wpcf7 no-js\" id=\"wpcf7-f13023-o1\" lang=\"en-US\" dir=\"ltr\">\n<div class=\"screen-reader-response\"><p role=\"status\" aria-live=\"polite\" aria-atomic=\"true\"><\/p> <ul><\/ul><\/div>\n<form action=\"\/index.php\/wp-json\/wp\/v2\/pages\/12845#wpcf7-f13023-o1\" method=\"post\" class=\"wpcf7-form init\" aria-label=\"Contact form\" novalidate=\"novalidate\" data-status=\"init\">\n<div style=\"display: none;\">\n<input type=\"hidden\" name=\"_wpcf7\" value=\"13023\" \/>\n<input type=\"hidden\" name=\"_wpcf7_version\" value=\"5.8.2\" \/>\n<input type=\"hidden\" name=\"_wpcf7_locale\" value=\"en_US\" \/>\n<input type=\"hidden\" name=\"_wpcf7_unit_tag\" value=\"wpcf7-f13023-o1\" \/>\n<input type=\"hidden\" name=\"_wpcf7_container_post\" value=\"0\" \/>\n<input type=\"hidden\" name=\"_wpcf7_posted_data_hash\" value=\"\" \/>\n<\/div>\n<div class=\"form-group\">\n\t<p><span class=\"wpcf7-form-control-wrap\" data-name=\"your-name\"><input size=\"40\" class=\"wpcf7-form-control wpcf7-text wpcf7-validates-as-required form-control\" aria-required=\"true\" aria-invalid=\"false\" placeholder=\"Nombre y apellido*\" value=\"\" type=\"text\" name=\"your-name\" \/><\/span>\n\t<\/p>\n<\/div>\n<div class=\"form-group\">\n\t<p><span class=\"wpcf7-form-control-wrap\" data-name=\"your-email\"><input size=\"40\" class=\"wpcf7-form-control wpcf7-email wpcf7-validates-as-required wpcf7-text wpcf7-validates-as-email form-control\" aria-required=\"true\" aria-invalid=\"false\" placeholder=\"Correo*\" value=\"\" type=\"email\" name=\"your-email\" \/><\/span>\n\t<\/p>\n<\/div>\n<div class=\"form-group\">\n\t<p><span class=\"wpcf7-form-control-wrap\" data-name=\"your-phone\"><input size=\"40\" class=\"wpcf7-form-control wpcf7-tel wpcf7-validates-as-required wpcf7-text wpcf7-validates-as-tel form-control\" aria-required=\"true\" aria-invalid=\"false\" placeholder=\"Celular*\" value=\"\" type=\"tel\" name=\"your-phone\" \/><\/span>\n\t<\/p>\n<\/div>\n<div class=\"form-group\">\n\t<p><span class=\"wpcf7-form-control-wrap\" data-name=\"your-bussiness\"><input size=\"40\" class=\"wpcf7-form-control wpcf7-text wpcf7-validates-as-required form-control\" aria-required=\"true\" aria-invalid=\"false\" placeholder=\"Empresa*\" value=\"\" type=\"text\" name=\"your-bussiness\" \/><\/span>\n\t<\/p>\n<\/div>\n<div class=\"form-group\">\n\t<p><span class=\"wpcf7-form-control-wrap\" data-name=\"your-job\"><input size=\"40\" class=\"wpcf7-form-control wpcf7-text wpcf7-validates-as-required form-control\" aria-required=\"true\" aria-invalid=\"false\" placeholder=\"Cargo*\" value=\"\" type=\"text\" name=\"your-job\" \/><\/span>\n\t<\/p>\n<\/div>\n<div class=\"form-group\">\n\t<p><span class=\"wpcf7-form-control-wrap\" data-name=\"your-industria\"><input size=\"40\" class=\"wpcf7-form-control wpcf7-text wpcf7-validates-as-required form-control\" aria-required=\"true\" aria-invalid=\"false\" placeholder=\"Industria o vertical*\" value=\"\" type=\"text\" name=\"your-industria\" \/><\/span>\n\t<\/p>\n\t<p><span>Escribe una de las siguientes: Banca, Servicios, Consultor\u00eda, Log\u00edstica y transporte, Tecnolog\u00eda, Comercio minorista\/ Retail, Salud, Gobierno.<\/span>\n\t<\/p>\n<\/div>\n<div class=\"form-group\">\n\t<p><span class=\"wpcf7-form-control-wrap\" data-name=\"textarea-comentario\"><textarea cols=\"40\" rows=\"10\" class=\"wpcf7-form-control wpcf7-textarea\" aria-invalid=\"false\" name=\"textarea-comentario\">Deja aqu\u00ed tu comentario&#8230;<\/textarea><\/span>\n\t<\/p>\n<\/div>\n<p><span class=\"wpcf7-form-control-wrap\" data-name=\"your-consent\"><span class=\"wpcf7-form-control wpcf7-acceptance optional\"><span class=\"wpcf7-list-item\"><label><input type=\"checkbox\" name=\"your-consent\" value=\"1\" aria-invalid=\"false\" \/><span class=\"wpcf7-list-item-label\">Aceptas las politicas de tratamiento de datos.<\/span><\/label><\/span><\/span><\/span>\n<\/p>\n<div style=\"align-content: center; position:relative;\">\n\t<p><input class=\"wpcf7-form-control wpcf7-submit has-spinner btn btn-default\" id=\"send_email\" type=\"submit\" value=\"ENVIAR\" \/>\n\t<\/p>\n<\/div><div class=\"wpcf7-response-output\" aria-hidden=\"true\"><\/div>\n<\/form>\n<\/div>\n\n\t\t\t\t\t\t<\/div>\n\t\t\t\t<\/div>\n\t\t\t\t\t<\/div>\n\t\t\t\t<\/div>\n\t\t\t\t\t\t\t<\/div>\n\t\t","protected":false},"excerpt":{"rendered":"<p>Estamos encantados de que consideres unirte a nuestra comunidad. Por favor, completa los siguientes campos con la informaci\u00f3n solicitada para que podamos procesar tu inscripci\u00f3n de manera eficiente. \u00a1Gracias\u00a0por\u00a0elegirnos!<\/p>\n","protected":false},"author":1,"featured_media":0,"parent":0,"menu_order":0,"comment_status":"closed","ping_status":"closed","template":"","meta":{"pmpro_default_level":0,"footnotes":""},"aioseo_notices":[],"_links":{"self":[{"href":"https:\/\/knology.pro\/index.php\/wp-json\/wp\/v2\/pages\/12845"}],"collection":[{"href":"https:\/\/knology.pro\/index.php\/wp-json\/wp\/v2\/pages"}],"about":[{"href":"https:\/\/knology.pro\/index.php\/wp-json\/wp\/v2\/types\/page"}],"author":[{"embeddable":true,"href":"https:\/\/knology.pro\/index.php\/wp-json\/wp\/v2\/users\/1"}],"replies":[{"embeddable":true,"href":"https:\/\/knology.pro\/index.php\/wp-json\/wp\/v2\/comments?post=12845"}],"version-history":[{"count":79,"href":"https:\/\/knology.pro\/index.php\/wp-json\/wp\/v2\/pages\/12845\/revisions"}],"predecessor-version":[{"id":13204,"href":"https:\/\/knology.pro\/index.php\/wp-json\/wp\/v2\/pages\/12845\/revisions\/13204"}],"wp:attachment":[{"href":"https:\/\/knology.pro\/index.php\/wp-json\/wp\/v2\/media?parent=12845"}],"curies":[{"name":"wp","href":"https:\/\/api.w.org\/{rel}","templated":true}]}}