{"id":12214,"date":"2023-10-29T18:42:47","date_gmt":"2023-10-29T17:42:47","guid":{"rendered":"https:\/\/knology.pro\/?page_id=12214"},"modified":"2023-11-11T12:27:46","modified_gmt":"2023-11-11T17:27:46","slug":"inscripcion_liderazgo_ia_negocios","status":"publish","type":"page","link":"https:\/\/knology.pro\/index.php\/inscripcion_liderazgo_ia_negocios\/","title":{"rendered":"INSCRIPCI\u00d3N KNOLOGY"},"content":{"rendered":"\t\t<div data-elementor-type=\"wp-page\" data-elementor-id=\"12214\" class=\"elementor elementor-12214\">\n\t\t\t\t\t\t\t<div class=\"elementor-element elementor-element-e5542a5 e-flex e-con-boxed e-con e-parent\" data-id=\"e5542a5\" data-element_type=\"container\" data-settings=\"{&quot;content_width&quot;:&quot;boxed&quot;}\" data-core-v316-plus=\"true\">\n\t\t\t\t\t<div class=\"e-con-inner\">\n\t\t\t\t\t<\/div>\n\t\t\t\t<\/div>\n\t\t<div class=\"elementor-element elementor-element-014705c e-flex e-con-boxed e-con e-parent\" data-id=\"014705c\" data-element_type=\"container\" data-settings=\"{&quot;content_width&quot;:&quot;boxed&quot;}\" data-core-v316-plus=\"true\">\n\t\t\t\t\t<div class=\"e-con-inner\">\n\t\t<div class=\"elementor-element elementor-element-9c47bb6 e-con-full e-flex e-con e-child\" data-id=\"9c47bb6\" data-element_type=\"container\" data-settings=\"{&quot;content_width&quot;:&quot;full&quot;}\">\n\t\t\t\t<div class=\"elementor-element elementor-element-f074a0b elementor-widget elementor-widget-text-editor\" data-id=\"f074a0b\" data-element_type=\"widget\" data-widget_type=\"text-editor.default\">\n\t\t\t\t<div class=\"elementor-widget-container\">\n\t\t\t<style>\/*! elementor - v3.17.0 - 08-11-2023 *\/\n.elementor-widget-text-editor.elementor-drop-cap-view-stacked .elementor-drop-cap{background-color:#69727d;color:#fff}.elementor-widget-text-editor.elementor-drop-cap-view-framed .elementor-drop-cap{color:#69727d;border:3px solid;background-color:transparent}.elementor-widget-text-editor:not(.elementor-drop-cap-view-default) .elementor-drop-cap{margin-top:8px}.elementor-widget-text-editor:not(.elementor-drop-cap-view-default) .elementor-drop-cap-letter{width:1em;height:1em}.elementor-widget-text-editor .elementor-drop-cap{float:left;text-align:center;line-height:1;font-size:50px}.elementor-widget-text-editor .elementor-drop-cap-letter{display:inline-block}<\/style>\t\t\t\t<div style=\"font-family: Arial; margin: 0px 10px; font-size: 16px; padding: 30px;\">\n<div style=\"text-align: center; font-size: 23px;\">CURSO ONLINE<strong style=\"color: #cb0000;\">|EN VIVO|<\/strong><\/div>\n<p>&nbsp;<\/p>\n<div style=\"text-align: center; font-size: 28px;\"><strong style=\"text-align: justify;\">Liderazgo de proyectos<\/strong> de<\/div>\n<div style=\"text-align: center; font-size: 22px;\"><strong style=\"color: #cb0000;\">Inteligencia Artificial<\/strong> en los negocios<\/div>\n<p>&nbsp;<\/p>\n<p><strong style=\"background-color: #cb0000; padding: 5px; color: #ffffff;\">Dia 1 &#8211; 3hs<\/strong><\/p>\n<ol>\n<li style=\"list-style-type: none;\">\n<ol>\n<li><strong>Conceptos Clave:<\/strong> Entregaremos una visi\u00f3n general de las bases<br \/>\nconceptuales de la IA como: Diferencia entre Machine learning e<br \/>\nInteligencia Artificial, tecnolog\u00eda que se utiliza, evaluar el error o eficacia<br \/>\ndel modelos.<\/li>\n<li><strong>Tendencias globales, regionales y casos de uso la IA:<\/strong> Casos de \u00e9xito y Futuro cercano de la aplicaci\u00f3n de la IA en los negocios.<\/li>\n<li><strong>Desaf\u00edos en la implementaci\u00f3n de proyectos de IA:<\/strong> El equipo humano, la selecci\u00f3n de IA a utilizar y su aplicaci\u00f3n de IA a los diferentes modelos de negocio, comprenden desaf\u00edos importantes.<\/li>\n<li><strong>Qu\u00e9 es y qu\u00e9 no es inteligencia artificial:<\/strong> Abordaremos los criterios clave para la definici\u00f3n de tecnolog\u00edas de automatizaci\u00f3n.<\/li>\n<li><strong>Construcci\u00f3n de Producto M\u00ednimo Viable:<\/strong> Brindaremos herramientas para asegurar victorias tempranas y validaci\u00f3n de modelos de negocio.<\/li>\n<li><strong>Estrategias para la gesti\u00f3n de proyectos de IA:<\/strong> Desarrollaremos una hoja de ruta para que la organizaci\u00f3n construya una ventaja competitiva mediante el uso de Inteligencia Artificial.<\/li>\n<\/ol>\n<\/li>\n<\/ol>\n<p><strong style=\"background-color: #cb0000; padding: 6px; color: #ffffff;\">Dia 2 &#8211; 3hs<\/strong><\/p>\n<ol>\n<li><strong>Tipos de Inteligencia Artificial:<\/strong> Existen una amplia gama , t\u00e9cnicas y aplicaciones que incluyen, entre otros, el \u201cMachine learning\u201d, procesamiento del lenguaje natural, \u201c Computer Vision\u201d, la rob\u00f3tica y el \u201cDeep learning\u201d.<\/li>\n<li><strong>Conclusiones y recomendaciones.<\/strong><\/li>\n<\/ol>\n<\/div>\n\t\t\t\t\t\t<\/div>\n\t\t\t\t<\/div>\n\t\t\t\t<\/div>\n\t\t<div class=\"elementor-element elementor-element-15d4491 e-con-full e-flex e-con e-child\" data-id=\"15d4491\" data-element_type=\"container\" data-settings=\"{&quot;content_width&quot;:&quot;full&quot;}\">\n\t\t\t\t<div class=\"elementor-element elementor-element-86812b8 elementor-position-top elementor-widget elementor-widget-image-box\" data-id=\"86812b8\" data-element_type=\"widget\" data-widget_type=\"image-box.default\">\n\t\t\t\t<div class=\"elementor-widget-container\">\n\t\t\t<style>\/*! elementor - v3.17.0 - 08-11-2023 *\/\n.elementor-widget-image-box .elementor-image-box-content{width:100%}@media (min-width:768px){.elementor-widget-image-box.elementor-position-left .elementor-image-box-wrapper,.elementor-widget-image-box.elementor-position-right .elementor-image-box-wrapper{display:flex}.elementor-widget-image-box.elementor-position-right .elementor-image-box-wrapper{text-align:right;flex-direction:row-reverse}.elementor-widget-image-box.elementor-position-left .elementor-image-box-wrapper{text-align:left;flex-direction:row}.elementor-widget-image-box.elementor-position-top .elementor-image-box-img{margin:auto}.elementor-widget-image-box.elementor-vertical-align-top .elementor-image-box-wrapper{align-items:flex-start}.elementor-widget-image-box.elementor-vertical-align-middle .elementor-image-box-wrapper{align-items:center}.elementor-widget-image-box.elementor-vertical-align-bottom .elementor-image-box-wrapper{align-items:flex-end}}@media (max-width:767px){.elementor-widget-image-box .elementor-image-box-img{margin-left:auto!important;margin-right:auto!important;margin-bottom:15px}}.elementor-widget-image-box .elementor-image-box-img{display:inline-block}.elementor-widget-image-box .elementor-image-box-title a{color:inherit}.elementor-widget-image-box .elementor-image-box-wrapper{text-align:center}.elementor-widget-image-box .elementor-image-box-description{margin:0}<\/style><div class=\"elementor-image-box-wrapper\"><figure class=\"elementor-image-box-img\"><img fetchpriority=\"high\" decoding=\"async\" width=\"768\" height=\"193\" src=\"https:\/\/knology.pro\/wp-content\/uploads\/2023\/10\/Logo-Knology-Positivo-768x193.png\" class=\"attachment-medium_large size-medium_large wp-image-12219\" alt=\"\" srcset=\"https:\/\/knology.pro\/wp-content\/uploads\/2023\/10\/Logo-Knology-Positivo-768x193.png 768w, https:\/\/knology.pro\/wp-content\/uploads\/2023\/10\/Logo-Knology-Positivo-300x75.png 300w, https:\/\/knology.pro\/wp-content\/uploads\/2023\/10\/Logo-Knology-Positivo-1024x257.png 1024w, https:\/\/knology.pro\/wp-content\/uploads\/2023\/10\/Logo-Knology-Positivo-1536x385.png 1536w, https:\/\/knology.pro\/wp-content\/uploads\/2023\/10\/Logo-Knology-Positivo-2048x514.png 2048w, https:\/\/knology.pro\/wp-content\/uploads\/2023\/10\/Logo-Knology-Positivo-600x151.png 600w\" sizes=\"(max-width: 768px) 100vw, 768px\" \/><\/figure><\/div>\t\t<\/div>\n\t\t\t\t<\/div>\n\t\t\t\t<div class=\"elementor-element elementor-element-b2aae3f elementor-position-left elementor-vertical-align-middle elementor-widget elementor-widget-image-box\" data-id=\"b2aae3f\" data-element_type=\"widget\" data-widget_type=\"image-box.default\">\n\t\t\t\t<div class=\"elementor-widget-container\">\n\t\t\t<div class=\"elementor-image-box-wrapper\"><figure class=\"elementor-image-box-img\"><img decoding=\"async\" width=\"150\" height=\"150\" src=\"https:\/\/knology.pro\/wp-content\/uploads\/2023\/11\/20210103_122952-150x150.jpg\" class=\"attachment-thumbnail size-thumbnail wp-image-12349\" alt=\"\" srcset=\"https:\/\/knology.pro\/wp-content\/uploads\/2023\/11\/20210103_122952-150x150.jpg 150w, https:\/\/knology.pro\/wp-content\/uploads\/2023\/11\/20210103_122952-75x75.jpg 75w, https:\/\/knology.pro\/wp-content\/uploads\/2023\/11\/20210103_122952-129x129.jpg 129w, https:\/\/knology.pro\/wp-content\/uploads\/2023\/11\/20210103_122952-69x69.jpg 69w, https:\/\/knology.pro\/wp-content\/uploads\/2023\/11\/20210103_122952-300x300.jpg 300w, https:\/\/knology.pro\/wp-content\/uploads\/2023\/11\/20210103_122952-100x100.jpg 100w\" sizes=\"(max-width: 150px) 100vw, 150px\" \/><\/figure><div class=\"elementor-image-box-content\"><p class=\"elementor-image-box-description\"><div style=\"font-size:28px; \">\n&nbsp&nbsp<strong style=\"color: #585858;\">Cesar<\/strong>  <strong style=\"color: #cb0000;\">Riat<\/strong>\n<\/div><\/div><\/div>\t\t<\/div>\n\t\t\t\t<\/div>\n\t\t\t\t<div class=\"elementor-element elementor-element-a9790e5 elementor-widget elementor-widget-text-editor\" data-id=\"a9790e5\" data-element_type=\"widget\" data-widget_type=\"text-editor.default\">\n\t\t\t\t<div class=\"elementor-widget-container\">\n\t\t\t\t\t\t\t<div style=\"margin: 30px 20px; color: #585858; font-size: 16px;\">\n<div>Ingeniero, docente universitario Nacional del sur en Argentina (2016), especialista en implementaci\u00f3n de proyectos de inteligencia artificial y automatizaci\u00f3n con m\u00e1s de 10 a\u00f1os de experiencia en empresas de retail, gobierno, consumo masivo y manufactura.<\/div>\n<div style=\"margin-top: 20px;\">\n<ul>\n<li><strong>1er lugar en IBM BLUE CODE y Hack2in<\/strong><\/li>\n<li><strong>2do en Hackaton Agro<\/strong><\/li>\n<li><strong>3ro en Hackaton Media Party 2023<\/strong><\/li>\n<\/ul>\n<\/div>\n<div style=\"margin-top: 20px;\">\n<div class=\"wpcf7 no-js\" id=\"wpcf7-f1229-o1\" lang=\"en-US\" dir=\"ltr\">\n<div class=\"screen-reader-response\"><p role=\"status\" aria-live=\"polite\" aria-atomic=\"true\"><\/p> <ul><\/ul><\/div>\n<form action=\"\/index.php\/wp-json\/wp\/v2\/pages\/12214#wpcf7-f1229-o1\" method=\"post\" class=\"wpcf7-form init\" aria-label=\"Contact form\" novalidate=\"novalidate\" data-status=\"init\">\n<div style=\"display: none;\">\n<input type=\"hidden\" name=\"_wpcf7\" value=\"1229\" \/>\n<input type=\"hidden\" name=\"_wpcf7_version\" value=\"5.8.2\" \/>\n<input type=\"hidden\" name=\"_wpcf7_locale\" value=\"en_US\" \/>\n<input type=\"hidden\" name=\"_wpcf7_unit_tag\" value=\"wpcf7-f1229-o1\" \/>\n<input type=\"hidden\" name=\"_wpcf7_container_post\" value=\"0\" \/>\n<input type=\"hidden\" name=\"_wpcf7_posted_data_hash\" value=\"\" \/>\n<\/div>\n<div class=\"form-group\">\n\t<p><span class=\"wpcf7-form-control-wrap\" data-name=\"your-name\"><input size=\"40\" class=\"wpcf7-form-control wpcf7-text wpcf7-validates-as-required form-control\" aria-required=\"true\" aria-invalid=\"false\" placeholder=\"Nombre y apellido*\" value=\"\" type=\"text\" name=\"your-name\" \/><\/span>\n\t<\/p>\n<\/div>\n<div class=\"form-group\">\n\t<p><span class=\"wpcf7-form-control-wrap\" data-name=\"your-email\"><input size=\"40\" class=\"wpcf7-form-control wpcf7-email wpcf7-validates-as-required wpcf7-text wpcf7-validates-as-email form-control\" aria-required=\"true\" aria-invalid=\"false\" placeholder=\"Correo*\" value=\"\" type=\"email\" name=\"your-email\" \/><\/span>\n\t<\/p>\n<\/div>\n<div class=\"form-group\">\n\t<p><span class=\"wpcf7-form-control-wrap\" data-name=\"your-phone\"><input size=\"40\" class=\"wpcf7-form-control wpcf7-tel wpcf7-validates-as-required wpcf7-text wpcf7-validates-as-tel form-control\" aria-required=\"true\" aria-invalid=\"false\" placeholder=\"Celular*\" value=\"\" type=\"tel\" name=\"your-phone\" \/><\/span>\n\t<\/p>\n<\/div>\n<div class=\"form-group\">\n\t<p><span class=\"wpcf7-form-control-wrap\" data-name=\"your-bussiness\"><input size=\"40\" class=\"wpcf7-form-control wpcf7-text wpcf7-validates-as-required form-control\" aria-required=\"true\" aria-invalid=\"false\" placeholder=\"Empresa*\" value=\"\" type=\"text\" name=\"your-bussiness\" \/><\/span>\n\t<\/p>\n<\/div>\n<div class=\"form-group\">\n\t<p><span class=\"wpcf7-form-control-wrap\" data-name=\"your-job\"><input size=\"40\" class=\"wpcf7-form-control wpcf7-text wpcf7-validates-as-required form-control\" aria-required=\"true\" aria-invalid=\"false\" placeholder=\"Cargo*\" value=\"\" type=\"text\" name=\"your-job\" \/><\/span>\n\t<\/p>\n<\/div>\n<div class=\"form-group\">\n\t<p><span class=\"wpcf7-form-control-wrap\" data-name=\"your-industria\"><input size=\"40\" class=\"wpcf7-form-control wpcf7-text wpcf7-validates-as-required form-control\" aria-required=\"true\" aria-invalid=\"false\" placeholder=\"Industria o vertical*\" value=\"\" type=\"text\" name=\"your-industria\" \/><\/span>\n\t<\/p>\n\t<p><span>Escribe una de las siguientes:<\/span>\n\t<\/p>\n\t<ul>\n\t\t<li>\n\t\t\t<p>Banca\n\t\t\t<\/p>\n\t\t<\/li>\n\t\t<li>\n\t\t\t<p>Servicios\n\t\t\t<\/p>\n\t\t<\/li>\n\t\t<li>\n\t\t\t<p>Consultor\u00eda\n\t\t\t<\/p>\n\t\t<\/li>\n\t\t<li>\n\t\t\t<p>Log\u00edstica y transporte\n\t\t\t<\/p>\n\t\t<\/li>\n\t\t<li>\n\t\t\t<p>Tecnolog\u00eda\n\t\t\t<\/p>\n\t\t<\/li>\n\t\t<li>\n\t\t\t<p>Comercio minorista \/ Retail\n\t\t\t<\/p>\n\t\t<\/li>\n\t\t<li>\n\t\t\t<p>Salud\n\t\t\t<\/p>\n\t\t<\/li>\n\t\t<li>\n\t\t\t<p>Gobierno\n\t\t\t<\/p>\n\t\t<\/li>\n\t<\/ul>\n<\/div>\n<p><span class=\"wpcf7-form-control-wrap\" data-name=\"your-consent\"><span class=\"wpcf7-form-control wpcf7-acceptance optional\"><span class=\"wpcf7-list-item\"><label><input type=\"checkbox\" name=\"your-consent\" value=\"1\" aria-invalid=\"false\" \/><span class=\"wpcf7-list-item-label\">Aceptas las politicas de tratamiento de datos.<\/span><\/label><\/span><\/span><\/span>\n<\/p>\n<div style=\"align-content: center; position:relative;\">\n\t<p><input class=\"wpcf7-form-control wpcf7-submit has-spinner btn btn-default\" id=\"send_email\" type=\"submit\" value=\"RESERVA TU CUPO!\" \/>\n\t<\/p>\n<\/div><div class=\"wpcf7-response-output\" aria-hidden=\"true\"><\/div>\n<\/form>\n<\/div>\n<\/div>\n<\/div>\n\t\t\t\t\t\t<\/div>\n\t\t\t\t<\/div>\n\t\t\t\t<\/div>\n\t\t\t\t\t<\/div>\n\t\t\t\t<\/div>\n\t\t\t\t\t\t\t<\/div>\n\t\t","protected":false},"excerpt":{"rendered":"<p>CURSO ONLINE|EN VIVO| &nbsp; Liderazgo de proyectos de Inteligencia Artificial en los negocios &nbsp; Dia 1 &#8211; 3hs Conceptos Clave: Entregaremos una visi\u00f3n general de las bases conceptuales de la IA como: Diferencia entre Machine learning e Inteligencia Artificial, tecnolog\u00eda que se utiliza, evaluar el error o eficacia del modelos. Tendencias globales, regionales y casos [&hellip;]<\/p>\n","protected":false},"author":1,"featured_media":0,"parent":0,"menu_order":0,"comment_status":"closed","ping_status":"closed","template":"elementor_canvas","meta":{"pmpro_default_level":0,"footnotes":""},"aioseo_notices":[],"_links":{"self":[{"href":"https:\/\/knology.pro\/index.php\/wp-json\/wp\/v2\/pages\/12214"}],"collection":[{"href":"https:\/\/knology.pro\/index.php\/wp-json\/wp\/v2\/pages"}],"about":[{"href":"https:\/\/knology.pro\/index.php\/wp-json\/wp\/v2\/types\/page"}],"author":[{"embeddable":true,"href":"https:\/\/knology.pro\/index.php\/wp-json\/wp\/v2\/users\/1"}],"replies":[{"embeddable":true,"href":"https:\/\/knology.pro\/index.php\/wp-json\/wp\/v2\/comments?post=12214"}],"version-history":[{"count":372,"href":"https:\/\/knology.pro\/index.php\/wp-json\/wp\/v2\/pages\/12214\/revisions"}],"predecessor-version":[{"id":12768,"href":"https:\/\/knology.pro\/index.php\/wp-json\/wp\/v2\/pages\/12214\/revisions\/12768"}],"wp:attachment":[{"href":"https:\/\/knology.pro\/index.php\/wp-json\/wp\/v2\/media?parent=12214"}],"curies":[{"name":"wp","href":"https:\/\/api.w.org\/{rel}","templated":true}]}}