{"id":1218,"date":"2018-05-21T05:54:48","date_gmt":"2018-05-21T05:54:48","guid":{"rendered":"http:\/\/lmsdemo.loc\/lms-white\/?page_id=7"},"modified":"2023-11-11T23:25:40","modified_gmt":"2023-11-12T04:25:40","slug":"inicio","status":"publish","type":"page","link":"https:\/\/knology.pro\/","title":{"rendered":"Home"},"content":{"rendered":"\t\t<div data-elementor-type=\"wp-page\" data-elementor-id=\"1218\" class=\"elementor elementor-1218\">\n\t\t\t\t\t\t\t\t\t<section class=\"elementor-section elementor-top-section elementor-element elementor-element-e9eb4e7 elementor-section-stretched elementor-section-height-full elementor-section-boxed elementor-section-height-default elementor-section-items-middle\" data-id=\"e9eb4e7\" data-element_type=\"section\" data-settings=\"{&quot;background_background&quot;:&quot;classic&quot;,&quot;stretch_section&quot;:&quot;section-stretched&quot;}\">\n\t\t\t\t\t\t<div class=\"elementor-container elementor-column-gap-default\">\n\t\t\t\t\t<div class=\"elementor-column elementor-col-100 elementor-top-column elementor-element elementor-element-e9ebae5\" data-id=\"e9ebae5\" data-element_type=\"column\" data-settings=\"{&quot;background_background&quot;:&quot;classic&quot;}\">\n\t\t\t<div class=\"elementor-widget-wrap elementor-element-populated\">\n\t\t\t\t\t\t\t\t<div class=\"elementor-element elementor-element-e9ec323 elementor-widget elementor-widget-slider_revolution\" data-id=\"e9ec323\" data-element_type=\"widget\" data-widget_type=\"slider_revolution.default\">\n\t\t\t\t<div class=\"elementor-widget-container\">\n\t\t\t\r\n\t\t<div class=\"wp-block-themepunch-revslider\">\n\t\t\t<!-- START Main Slider Classic New4 REVOLUTION SLIDER 6.6.14 --><p class=\"rs-p-wp-fix\"><\/p>\n\t\t\t<rs-module-wrap id=\"rev_slider_1_1_wrapper\" data-source=\"gallery\" style=\"visibility:hidden;background:rgba(0,122,255,0.54);padding:0;\">\n\t\t\t\t<rs-module id=\"rev_slider_1_1\" style=\"\" data-version=\"6.6.14\">\n\t\t\t\t\t<rs-slides style=\"overflow: hidden; position: absolute;\">\n\t\t\t\t\t\t<rs-slide style=\"position: absolute;\" data-key=\"rs-1\" data-title=\"Slide\" data-anim=\"ms:600;\" data-in=\"o:0;\" data-out=\"a:false;\">\n\t\t\t\t\t\t\t<img fetchpriority=\"high\" decoding=\"async\" src=\"\/\/knology.pro\/wp-content\/plugins\/revslider\/public\/assets\/assets\/dummy.png\" alt=\"masterstudy_placeholder\" title=\"photo-1461749280684-dccba630e2f6\" width=\"1920\" height=\"1281\" class=\"rev-slidebg tp-rs-img rs-lazyload\" data-lazyload=\"\/\/knology.pro\/wp-content\/plugins\/revslider\/public\/assets\/assets\/transparent.png\" data-bg=\"c:#ffffff;\" data-no-retina>\n<!--\n\t\t\t\t\t\t\t--><h1\n\t\t\t\t\t\t\t\tid=\"slider-1-slide-1-layer-0\" \n\t\t\t\t\t\t\t\tclass=\"rs-layer\"\n\t\t\t\t\t\t\t\tdata-type=\"text\"\n\t\t\t\t\t\t\t\tdata-color=\"#000000||#000000||#eab830||#000000\"\n\t\t\t\t\t\t\t\tdata-xy=\"x:c;xo:0,0,0,1px;y:m;yo:-74px,-140px,-171px,-128px;\"\n\t\t\t\t\t\t\t\tdata-text=\"s:20,20,30,17;l:30,30,35,50;ls:1px,1px,0px,0px;fw:700,700,400,700;a:inherit,inherit,inherit,center;\"\n\t\t\t\t\t\t\t\tdata-dim=\"w:395px,395px,auto,449px;h:35px,35px,auto,auto;\"\n\t\t\t\t\t\t\t\tdata-rsp_o=\"off\"\n\t\t\t\t\t\t\t\tdata-rsp_bd=\"off\"\n\t\t\t\t\t\t\t\tdata-margin=\"t:-45,-45,0,0;b:10,10,0,0;\"\n\t\t\t\t\t\t\t\tdata-padding=\"b:10,10,0,0;\"\n\t\t\t\t\t\t\t\tdata-frame_0=\"o:1;\"\n\t\t\t\t\t\t\t\tdata-frame_0_sfx=\"se:blocktoright;\"\n\t\t\t\t\t\t\t\tdata-frame_1=\"x:0,0,0,0px;y:0,0,0,0px;e:power4.inOut;st:500;sp:1000;sR:500;\"\n\t\t\t\t\t\t\t\tdata-frame_1_sfx=\"se:blocktoright;\"\n\t\t\t\t\t\t\t\tdata-frame_999=\"o:0;st:w;sR:7500;\"\n\t\t\t\t\t\t\t\tstyle=\"z-index:7;font-family:'Arial', 'Helvetica', 'sans-serif';\"\n\t\t\t\t\t\t\t>que le permite potenciar el  desarrollo\n \n\t\t\t\t\t\t\t<\/h1><!--\n\n\t\t\t\t\t\t\t--><h1\n\t\t\t\t\t\t\t\tid=\"slider-1-slide-1-layer-2\" \n\t\t\t\t\t\t\t\tclass=\"rs-layer\"\n\t\t\t\t\t\t\t\tdata-type=\"text\"\n\t\t\t\t\t\t\t\tdata-color=\"#000000||#000000||#eab830||#000000\"\n\t\t\t\t\t\t\t\tdata-xy=\"x:c;xo:-5px,0,0,1px;y:m;yo:-45px,-140px,-171px,-105px;\"\n\t\t\t\t\t\t\t\tdata-text=\"s:20,20,30,17;l:30,30,35,50;ls:1px,1px,0px,0px;fw:700;a:inherit,inherit,inherit,center;\"\n\t\t\t\t\t\t\t\tdata-dim=\"w:466px,466px,auto,449px;h:35px,35px,auto,auto;\"\n\t\t\t\t\t\t\t\tdata-rsp_o=\"off\"\n\t\t\t\t\t\t\t\tdata-rsp_bd=\"off\"\n\t\t\t\t\t\t\t\tdata-margin=\"t:-45,-45,0,0;b:10,10,0,0;\"\n\t\t\t\t\t\t\t\tdata-padding=\"b:10,10,0,0;\"\n\t\t\t\t\t\t\t\tdata-frame_0=\"o:1;\"\n\t\t\t\t\t\t\t\tdata-frame_0_sfx=\"se:blocktoright;\"\n\t\t\t\t\t\t\t\tdata-frame_1=\"x:0,0,0,0px;y:0,0,0,0px;e:power4.inOut;st:1010;sp:1000;sR:1010;\"\n\t\t\t\t\t\t\t\tdata-frame_1_sfx=\"se:blocktoright;\"\n\t\t\t\t\t\t\t\tdata-frame_999=\"o:0;st:w;sR:6990;\"\n\t\t\t\t\t\t\t\tstyle=\"z-index:6;font-family:'Arial', 'Helvetica', 'sans-serif';\"\n\t\t\t\t\t\t\t>profesional y el crecimiento de\u00a0los\u00a0negocios \n\t\t\t\t\t\t\t<\/h1><!--\n\n\t\t\t\t\t\t\t--><h1\n\t\t\t\t\t\t\t\tid=\"slider-1-slide-1-layer-4\" \n\t\t\t\t\t\t\t\tclass=\"rs-layer\"\n\t\t\t\t\t\t\t\tdata-type=\"text\"\n\t\t\t\t\t\t\t\tdata-color=\"#000000||#000000||#eab830||#000000\"\n\t\t\t\t\t\t\t\tdata-xy=\"x:c;xo:0,0,0,1px;y:m;yo:-103px,-140px,-171px,-151px;\"\n\t\t\t\t\t\t\t\tdata-text=\"s:20,20,30,17;l:30,30,35,50;ls:1px,1px,0px,0px;fw:700;a:inherit,inherit,inherit,center;\"\n\t\t\t\t\t\t\t\tdata-dim=\"w:517px,517px,auto,449px;h:32px,32px,auto,auto;\"\n\t\t\t\t\t\t\t\tdata-rsp_o=\"off\"\n\t\t\t\t\t\t\t\tdata-rsp_bd=\"off\"\n\t\t\t\t\t\t\t\tdata-margin=\"t:-45,-45,0,0;b:10,10,0,0;\"\n\t\t\t\t\t\t\t\tdata-padding=\"b:10,10,0,0;\"\n\t\t\t\t\t\t\t\tdata-frame_0=\"o:1;\"\n\t\t\t\t\t\t\t\tdata-frame_0_sfx=\"se:blocktoright;\"\n\t\t\t\t\t\t\t\tdata-frame_1=\"x:0,0,0,0px;y:0,0,0,0px;e:power4.inOut;sp:1000;\"\n\t\t\t\t\t\t\t\tdata-frame_1_sfx=\"se:blocktoright;\"\n\t\t\t\t\t\t\t\tdata-frame_999=\"o:0;st:w;sR:8000;\"\n\t\t\t\t\t\t\t\tstyle=\"z-index:8;font-family:'Arial', 'Helvetica', 'sans-serif';\"\n\t\t\t\t\t\t\t> Compartimos conocimiento pr\u00e1ctico e innovador \n\t\t\t\t\t\t\t<\/h1><!--\n-->\t\t\t\t\t\t<\/rs-slide>\n\t\t\t\t\t<\/rs-slides>\n\t\t\t\t<\/rs-module>\n\t\t\t\t<script>\n\t\t\t\t\tsetREVStartSize({c: 'rev_slider_1_1',rl:[1240,1024,778,480],el:[794,794,700,700],gw:[1140,1026,778,480],gh:[794,794,700,700],type:'standard',justify:'',layout:'fullscreen',offsetContainer:'',offset:'',mh:\"0\"});if (window.RS_MODULES!==undefined && window.RS_MODULES.modules!==undefined && window.RS_MODULES.modules[\"revslider11\"]!==undefined) {window.RS_MODULES.modules[\"revslider11\"].once = false;window.revapi1 = undefined;if (window.RS_MODULES.checkMinimal!==undefined) window.RS_MODULES.checkMinimal()}\n\t\t\t\t<\/script>\n\t\t\t<\/rs-module-wrap>\n\t\t\t<!-- END REVOLUTION SLIDER -->\n<\/div>\r\n\r\n\t\t\t\t<\/div>\n\t\t\t\t<\/div>\n\t\t\t\t\t<\/div>\n\t\t<\/div>\n\t\t\t\t\t\t\t<\/div>\n\t\t<\/section>\n\t\t\t\t<section class=\"elementor-section elementor-top-section elementor-element elementor-element-cf0911e elementor-section-stretched elementor-section-boxed elementor-section-height-default elementor-section-height-default\" data-id=\"cf0911e\" data-element_type=\"section\" data-settings=\"{&quot;background_background&quot;:&quot;classic&quot;,&quot;stretch_section&quot;:&quot;section-stretched&quot;}\">\n\t\t\t\t\t\t<div class=\"elementor-container elementor-column-gap-default\">\n\t\t\t\t\t<div class=\"elementor-column elementor-col-100 elementor-top-column elementor-element elementor-element-59ad20a\" data-id=\"59ad20a\" data-element_type=\"column\" data-settings=\"{&quot;background_background&quot;:&quot;classic&quot;}\">\n\t\t\t<div class=\"elementor-widget-wrap elementor-element-populated\">\n\t\t\t\t\t\t\t\t<div class=\"elementor-element elementor-element-691ed2a elementor-absolute elementor-widget elementor-widget-stm_lms_courses_categories\" data-id=\"691ed2a\" data-element_type=\"widget\" data-settings=\"{&quot;_position&quot;:&quot;absolute&quot;}\" data-widget_type=\"stm_lms_courses_categories.default\">\n\t\t\t\t<div class=\"elementor-widget-container\">\n\t\t\t\t\t<div class=\"stm_lms_courses_categories style_4\">\n\n\t\t\t\t\t\t\t<div class=\"stm_lms_courses_category\" style=\"background-color: #333333\">\n\n\t\t\t\t\t<a href=\"https:\/\/knology.pro\/index.php\/courses\/?terms%5B%5D=29&#038;category%5B%5D=29\"\n\t\t\t\t\ttitle=\"Inteligencia artificial\"\n\t\t\t\t\tclass=\"no_deco\">\n\t\t\t\t\t\t<i class=\"lnricons-brain\"><\/i>\n\t\t\t\t\t\t<h4>Inteligencia artificial<\/h4>\n\t\t\t\t\t<\/a>\n\t\t\t\t<\/div>\n\n\t\t\t\t\t\t\t<div class=\"stm_lms_courses_category\" style=\"background-color: #333333\">\n\n\t\t\t\t\t<a href=\"https:\/\/knology.pro\/index.php\/courses\/?terms%5B%5D=80&#038;category%5B%5D=80\"\n\t\t\t\t\ttitle=\"Dise\u00f1o de servicios\"\n\t\t\t\t\tclass=\"no_deco\">\n\t\t\t\t\t\t<i class=\"lnricons-group-work\"><\/i>\n\t\t\t\t\t\t<h4>Dise\u00f1o de servicios<\/h4>\n\t\t\t\t\t<\/a>\n\t\t\t\t<\/div>\n\n\t\t\t\t\t\t\t<div class=\"stm_lms_courses_category\" style=\"background-color: #333333\">\n\n\t\t\t\t\t<a href=\"https:\/\/knology.pro\/index.php\/courses\/?terms%5B%5D=81&#038;category%5B%5D=81\"\n\t\t\t\t\ttitle=\"Seguridad de la informaci\u00f3n y ciberseguridad\"\n\t\t\t\t\tclass=\"no_deco\">\n\t\t\t\t\t\t<i class=\"fa fa-lock\"><\/i>\n\t\t\t\t\t\t<h4>Seguridad de la informaci\u00f3n y ciberseguridad<\/h4>\n\t\t\t\t\t<\/a>\n\t\t\t\t<\/div>\n\n\t\t\t\t\t\t\t<div class=\"stm_lms_courses_category\" style=\"background-color: #333333\">\n\n\t\t\t\t\t<a href=\"https:\/\/knology.pro\/index.php\/courses\/?terms%5B%5D=82&#038;category%5B%5D=82\"\n\t\t\t\t\ttitle=\"Tecnolog\u00edas sostenibles\"\n\t\t\t\t\tclass=\"no_deco\">\n\t\t\t\t\t\t<i class=\"stmlms-world\"><\/i>\n\t\t\t\t\t\t<h4>Tecnolog\u00edas sostenibles<\/h4>\n\t\t\t\t\t<\/a>\n\t\t\t\t<\/div>\n\n\t\t\t\t\t<\/div>\n\t\t\t\t<\/div>\n\t\t\t\t<\/div>\n\t\t\t\t\t<\/div>\n\t\t<\/div>\n\t\t\t\t\t\t\t<\/div>\n\t\t<\/section>\n\t\t\t\t<section class=\"elementor-section elementor-top-section elementor-element elementor-element-4b8abf6 elementor-section-stretched elementor-section-boxed elementor-section-height-default elementor-section-height-default\" data-id=\"4b8abf6\" data-element_type=\"section\" data-settings=\"{&quot;background_background&quot;:&quot;classic&quot;,&quot;stretch_section&quot;:&quot;section-stretched&quot;}\">\n\t\t\t\t\t\t<div class=\"elementor-container elementor-column-gap-default\">\n\t\t\t\t\t<div class=\"elementor-column elementor-col-25 elementor-top-column elementor-element elementor-element-c543374\" data-id=\"c543374\" data-element_type=\"column\" data-settings=\"{&quot;background_background&quot;:&quot;classic&quot;}\">\n\t\t\t<div class=\"elementor-widget-wrap elementor-element-populated\">\n\t\t\t\t\t\t\t\t<div class=\"elementor-element elementor-element-b9354a7 elementor-widget elementor-widget-heading\" data-id=\"b9354a7\" data-element_type=\"widget\" data-widget_type=\"heading.default\">\n\t\t\t\t<div class=\"elementor-widget-container\">\n\t\t\t<style>\/*! elementor - v3.17.0 - 08-11-2023 *\/\n.elementor-heading-title{padding:0;margin:0;line-height:1}.elementor-widget-heading .elementor-heading-title[class*=elementor-size-]>a{color:inherit;font-size:inherit;line-height:inherit}.elementor-widget-heading .elementor-heading-title.elementor-size-small{font-size:15px}.elementor-widget-heading .elementor-heading-title.elementor-size-medium{font-size:19px}.elementor-widget-heading .elementor-heading-title.elementor-size-large{font-size:29px}.elementor-widget-heading .elementor-heading-title.elementor-size-xl{font-size:39px}.elementor-widget-heading .elementor-heading-title.elementor-size-xxl{font-size:59px}<\/style><h3 class=\"elementor-heading-title elementor-size-default\">Liderazgo inteligencia artifical<\/h3>\t\t<\/div>\n\t\t\t\t<\/div>\n\t\t\t\t<div class=\"elementor-element elementor-element-1aa29fa elementor-widget elementor-widget-text-editor\" data-id=\"1aa29fa\" data-element_type=\"widget\" data-widget_type=\"text-editor.default\">\n\t\t\t\t<div class=\"elementor-widget-container\">\n\t\t\t<style>\/*! elementor - v3.17.0 - 08-11-2023 *\/\n.elementor-widget-text-editor.elementor-drop-cap-view-stacked .elementor-drop-cap{background-color:#69727d;color:#fff}.elementor-widget-text-editor.elementor-drop-cap-view-framed .elementor-drop-cap{color:#69727d;border:3px solid;background-color:transparent}.elementor-widget-text-editor:not(.elementor-drop-cap-view-default) .elementor-drop-cap{margin-top:8px}.elementor-widget-text-editor:not(.elementor-drop-cap-view-default) .elementor-drop-cap-letter{width:1em;height:1em}.elementor-widget-text-editor .elementor-drop-cap{float:left;text-align:center;line-height:1;font-size:50px}.elementor-widget-text-editor .elementor-drop-cap-letter{display:inline-block}<\/style>\t\t\t\t<p>Exploraremos conceptos claves de la IA, diferenciando Machine Learning e Inteligencia Artificial, analizando tendencias y desaf\u00edos en proyectos IA. Tambi\u00e9n, aprenderemos a construir un producto m\u00ednimo viable y estrategias de gesti\u00f3n. Al final nos centraremos en los tipos de IA, concluyendo tips para liderar el mercado.<\/p>\n\t\t\t\t\t\t<\/div>\n\t\t\t\t<\/div>\n\t\t\t\t<div class=\"elementor-element elementor-element-cd1db34 elementor-widget elementor-widget-text-editor\" data-id=\"cd1db34\" data-element_type=\"widget\" data-widget_type=\"text-editor.default\">\n\t\t\t\t<div class=\"elementor-widget-container\">\n\t\t\t\t\t\t\t<div class=\"wp-block-button\"><a class=\"btn btn-default\" href=\"https:\/\/knology.pro\/index.php\/inscripcion_liderazgo_ia_negocios\/\">CONTACTANOS<\/a><\/div>\n\t\t\t\t\t\t<\/div>\n\t\t\t\t<\/div>\n\t\t\t\t\t<\/div>\n\t\t<\/div>\n\t\t\t\t<div class=\"elementor-column elementor-col-25 elementor-top-column elementor-element elementor-element-15aedcf\" data-id=\"15aedcf\" data-element_type=\"column\" data-settings=\"{&quot;background_background&quot;:&quot;classic&quot;}\">\n\t\t\t<div class=\"elementor-widget-wrap elementor-element-populated\">\n\t\t\t\t\t\t\t\t<div class=\"elementor-element elementor-element-b40b458 elementor-widget elementor-widget-heading\" data-id=\"b40b458\" data-element_type=\"widget\" data-widget_type=\"heading.default\">\n\t\t\t\t<div class=\"elementor-widget-container\">\n\t\t\t<h3 class=\"elementor-heading-title elementor-size-default\"><div>Dise\u00f1o<\/div>\n<div>de<\/div>\n<div>servicios<\/div><\/h3>\t\t<\/div>\n\t\t\t\t<\/div>\n\t\t\t\t<div class=\"elementor-element elementor-element-b228aa2 elementor-widget elementor-widget-text-editor\" data-id=\"b228aa2\" data-element_type=\"widget\" data-widget_type=\"text-editor.default\">\n\t\t\t\t<div class=\"elementor-widget-container\">\n\t\t\t\t\t\t\t<p>El dise\u00f1o de servicios es clave para crear experiencias eficientes y satisfactorias, identificando las necesidades del usuario y optimizando procesos internos. Mejora la calidad de los servicios y contribuye a soluciones centradas en el usuario de diversas industrias o verticales.<\/p>\n\t\t\t\t\t\t<\/div>\n\t\t\t\t<\/div>\n\t\t\t\t<div class=\"elementor-element elementor-element-49672c9 elementor-widget elementor-widget-text-editor\" data-id=\"49672c9\" data-element_type=\"widget\" data-widget_type=\"text-editor.default\">\n\t\t\t\t<div class=\"elementor-widget-container\">\n\t\t\t\t\t\t\t<div class=\"wp-block-button\"><a class=\"btn btn-default\" href=\"https:\/\/knology.pro\/index.php\/contacto\/\">CONTACTANOS<\/a><\/div>\n\t\t\t\t\t\t<\/div>\n\t\t\t\t<\/div>\n\t\t\t\t\t<\/div>\n\t\t<\/div>\n\t\t\t\t<div class=\"elementor-column elementor-col-25 elementor-top-column elementor-element elementor-element-c74244d\" data-id=\"c74244d\" data-element_type=\"column\" data-settings=\"{&quot;background_background&quot;:&quot;classic&quot;}\">\n\t\t\t<div class=\"elementor-widget-wrap elementor-element-populated\">\n\t\t\t\t\t\t\t\t<div class=\"elementor-element elementor-element-1313f06 elementor-widget elementor-widget-heading\" data-id=\"1313f06\" data-element_type=\"widget\" data-widget_type=\"heading.default\">\n\t\t\t\t<div class=\"elementor-widget-container\">\n\t\t\t<h3 class=\"elementor-heading-title elementor-size-default\">Seguridad de la informaci\u00f3n y ciberseguridad<\/h3>\t\t<\/div>\n\t\t\t\t<\/div>\n\t\t\t\t<div class=\"elementor-element elementor-element-721a9d4 elementor-widget elementor-widget-text-editor\" data-id=\"721a9d4\" data-element_type=\"widget\" data-widget_type=\"text-editor.default\">\n\t\t\t\t<div class=\"elementor-widget-container\">\n\t\t\t\t\t\t\t<p>La seguridad de la informaci\u00f3n y la ciberseguridad son esenciales para salvaguardar datos, preservar la privacidad y garantizar la continuidad operativa. Estos conocimientos son cr\u00edticos en un entorno digital para prevenir ataques y proteger la integridad de la infraestructura\u00a0tecnol\u00f3gica.<\/p>\n\t\t\t\t\t\t<\/div>\n\t\t\t\t<\/div>\n\t\t\t\t<div class=\"elementor-element elementor-element-8b147bd elementor-widget elementor-widget-text-editor\" data-id=\"8b147bd\" data-element_type=\"widget\" data-widget_type=\"text-editor.default\">\n\t\t\t\t<div class=\"elementor-widget-container\">\n\t\t\t\t\t\t\t<div class=\"wp-block-button\"><a class=\"btn btn-default\" href=\"https:\/\/knology.pro\/index.php\/contacto\/\">CONTACTANOS<\/a><\/div>\n\t\t\t\t\t\t<\/div>\n\t\t\t\t<\/div>\n\t\t\t\t\t<\/div>\n\t\t<\/div>\n\t\t\t\t<div class=\"elementor-column elementor-col-25 elementor-top-column elementor-element elementor-element-59f253e\" data-id=\"59f253e\" data-element_type=\"column\" data-settings=\"{&quot;background_background&quot;:&quot;classic&quot;}\">\n\t\t\t<div class=\"elementor-widget-wrap elementor-element-populated\">\n\t\t\t\t\t\t\t\t<div class=\"elementor-element elementor-element-5030145 elementor-widget elementor-widget-heading\" data-id=\"5030145\" data-element_type=\"widget\" data-widget_type=\"heading.default\">\n\t\t\t\t<div class=\"elementor-widget-container\">\n\t\t\t<h3 class=\"elementor-heading-title elementor-size-default\">Tecnolog\u00edas\nsostenibles<\/h3>\t\t<\/div>\n\t\t\t\t<\/div>\n\t\t\t\t<div class=\"elementor-element elementor-element-f6b557f elementor-widget elementor-widget-text-editor\" data-id=\"f6b557f\" data-element_type=\"widget\" data-widget_type=\"text-editor.default\">\n\t\t\t\t<div class=\"elementor-widget-container\">\n\t\t\t\t\t\t\t<p>La gesti\u00f3n inteligente de residuos, la agricultura de precisi\u00f3n y el uso de blockchain para trazabilidad ambiental destacan como tecnolog\u00edas sostenibles clave. Estas no solo optimizan procesos y cumplen con regulaciones, sino que tambi\u00e9n fortalecen la posici\u00f3n competitiva y generan eficiencias financieras a largo plazo para las empresas.<\/p>\n\t\t\t\t\t\t<\/div>\n\t\t\t\t<\/div>\n\t\t\t\t<div class=\"elementor-element elementor-element-d2fadee elementor-widget elementor-widget-text-editor\" data-id=\"d2fadee\" data-element_type=\"widget\" data-widget_type=\"text-editor.default\">\n\t\t\t\t<div class=\"elementor-widget-container\">\n\t\t\t\t\t\t\t<div class=\"wp-block-button\"><a class=\"btn btn-default\" href=\"https:\/\/knology.pro\/index.php\/contacto\/\">CONTACTANOS<\/a><\/div>\n\t\t\t\t\t\t<\/div>\n\t\t\t\t<\/div>\n\t\t\t\t\t<\/div>\n\t\t<\/div>\n\t\t\t\t\t\t\t<\/div>\n\t\t<\/section>\n\t\t\t\t\t\t\t<\/div>\n\t\t","protected":false},"excerpt":{"rendered":"<p>Inteligencia artificial Dise\u00f1o de servicios Seguridad de la informaci\u00f3n y ciberseguridad Tecnolog\u00edas sostenibles \/*! elementor &#8211; v3.17.0 &#8211; 08-11-2023 *\/ .elementor-heading-title{padding:0;margin:0;line-height:1}.elementor-widget-heading .elementor-heading-title[class*=elementor-size-]&gt;a{color:inherit;font-size:inherit;line-height:inherit}.elementor-widget-heading .elementor-heading-title.elementor-size-small{font-size:15px}.elementor-widget-heading .elementor-heading-title.elementor-size-medium{font-size:19px}.elementor-widget-heading .elementor-heading-title.elementor-size-large{font-size:29px}.elementor-widget-heading .elementor-heading-title.elementor-size-xl{font-size:39px}.elementor-widget-heading .elementor-heading-title.elementor-size-xxl{font-size:59px} Liderazgo inteligencia artifical Exploraremos conceptos claves de la IA, diferenciando Machine Learning e Inteligencia Artificial, analizando tendencias y desaf\u00edos en proyectos IA. Tambi\u00e9n, aprenderemos a construir un producto [&hellip;]<\/p>\n","protected":false},"author":1,"featured_media":0,"parent":0,"menu_order":0,"comment_status":"closed","ping_status":"closed","template":"","meta":{"pmpro_default_level":0,"footnotes":""},"aioseo_notices":[],"_links":{"self":[{"href":"https:\/\/knology.pro\/index.php\/wp-json\/wp\/v2\/pages\/1218"}],"collection":[{"href":"https:\/\/knology.pro\/index.php\/wp-json\/wp\/v2\/pages"}],"about":[{"href":"https:\/\/knology.pro\/index.php\/wp-json\/wp\/v2\/types\/page"}],"author":[{"embeddable":true,"href":"https:\/\/knology.pro\/index.php\/wp-json\/wp\/v2\/users\/1"}],"replies":[{"embeddable":true,"href":"https:\/\/knology.pro\/index.php\/wp-json\/wp\/v2\/comments?post=1218"}],"version-history":[{"count":287,"href":"https:\/\/knology.pro\/index.php\/wp-json\/wp\/v2\/pages\/1218\/revisions"}],"predecessor-version":[{"id":13219,"href":"https:\/\/knology.pro\/index.php\/wp-json\/wp\/v2\/pages\/1218\/revisions\/13219"}],"wp:attachment":[{"href":"https:\/\/knology.pro\/index.php\/wp-json\/wp\/v2\/media?parent=1218"}],"curies":[{"name":"wp","href":"https:\/\/api.w.org\/{rel}","templated":true}]}}